{"id":2359,"date":"2022-10-13T15:43:27","date_gmt":"2022-10-13T15:43:27","guid":{"rendered":"https:\/\/euroverre.com\/categories\/omni-decor\/"},"modified":"2026-04-03T13:27:08","modified_gmt":"2026-04-03T13:27:08","slug":"omni-decor","status":"publish","type":"page","link":"https:\/\/euroverre.com\/en\/categories\/omni-decor\/","title":{"rendered":"OmniDecor"},"content":{"rendered":"\n<h1  data-animation-delay=\"0.2\" data-animation-duration=\"1\">\n\t\t\tARCHITECTURAL GLASS\t<\/h1>\n<h2  data-animation-delay=\"0.5\" data-animation-duration=\"1\">\n\t\t\tOmniDecor\t<\/h2>\n<h2>\n\t\t\tDecorFlou and BiFlou\t<\/h2>\n\t\t\t<a href=\"https:\/\/euroverre.com\/en\/glass-product\/decorflou-decorbiflou\/\"  target=\"_self\">\n\t\t\t\t\t\t\tDiscover\n\t\t\t\t\t<\/a>\n<h2>\n\t\t\tDecorFlou Design\t<\/h2>\n\t\t\t<a href=\"https:\/\/euroverre.com\/en\/glass-product\/decorflou-design\/\"  target=\"_self\">\n\t\t\t\t\t\t\tDiscover\n\t\t\t\t\t<\/a>\n<h2>\n\t\t\tDecorOpal\t<\/h2>\n\t\t\t<a href=\"https:\/\/euroverre.com\/en\/glass-product\/decor-opal\/\"  target=\"_self\">\n\t\t\t\t\t\t\tDiscover\n\t\t\t\t\t<\/a>\n<h2  data-animation-delay=\"0.2\" data-animation-duration=\"1\">\n\t\t\tEuroverre, over 40 years of expertise\t<\/h2>\n<h2  data-animation-delay=\"0.5\" data-animation-duration=\"1\">\n\t\t\tFrom a passion for glass to Qu\u00e9bec excellence.\t<\/h2>\n\t<p>For over 40 years, Euroverre has supported building professionals across the commercial, institutional, and residential sectors by providing glass solutions that combine quality, reliability, and innovation.<\/p>\n<p>Become part of this story of excellence and explore the career opportunities within our team.<\/p>\n\t\t\t<a href=\"https:\/\/euroverre.com\/en\/about\/\"  target=\"_self\">\n\t\t\t\t\t\t\tGet to know Euroverre\n\t\t\t\t\t<\/a>\n\t\t\t<a href=\"https:\/\/euroverre.com\/en\/career\/\"  target=\"_self\">\n\t\t\t\t\t\t\tCareer\n\t\t\t\t\t<\/a>\n<h2  data-animation-delay=\"0\" data-animation-duration=\"1\">\n\t\t\tNEED ADVICE?\t<\/h2>\n<h2  data-animation-delay=\"0.2\" data-animation-duration=\"1\">\n\t\t\tContact our specialists\t<\/h2>\n\t\t\t<a href=\"https:\/\/euroverre.com\/en\/contact-us\/\"  target=\"_self\">\n\t\t\t\t\t\t\tContact us\n\t\t\t<\/a>\n\n","protected":false},"excerpt":{"rendered":"<p>ARCHITECTURAL GLASS OmniDecor DecorFlou and BiFlou Discover DecorFlou Design Discover DecorOpal Discover Euroverre, over 40 years of expertise From a passion for glass to Qu\u00e9bec excellence. For over 40 years, Euroverre has supported building professionals across the commercial, institutional, and residential sectors by providing glass solutions that combine quality, reliability, and innovation. Become part of &#8230; <a title=\"OmniDecor\" class=\"read-more\" href=\"https:\/\/euroverre.com\/en\/categories\/omni-decor\/\" aria-label=\"Read more about OmniDecor\">Read more<\/a><\/p>\n","protected":false},"author":1,"featured_media":4290,"parent":2356,"menu_order":0,"comment_status":"closed","ping_status":"closed","template":"","meta":{"inline_featured_image":false,"footnotes":""},"class_list":["post-2359","page","type-page","status-publish","has-post-thumbnail"],"yoast_head":"<!-- This site is optimized with the Yoast SEO plugin v27.5 - https:\/\/yoast.com\/product\/yoast-seo-wordpress\/ -->\n<title>OmniDecor - Euroverre - Verre architectural<\/title>\n<meta name=\"description\" content=\"Une superbe collection de produits verriers qui est le r\u00e9sultat d&#039;un processus de production unique et exclusif d\u00e9velopp\u00e9 par OmniDecor.\" \/>\n<meta name=\"robots\" content=\"index, follow, max-snippet:-1, max-image-preview:large, max-video-preview:-1\" \/>\n<link rel=\"canonical\" href=\"https:\/\/euroverre.com\/en\/categories\/omni-decor\/\" \/>\n<meta property=\"og:locale\" content=\"en_US\" \/>\n<meta property=\"og:type\" content=\"article\" \/>\n<meta property=\"og:title\" content=\"OmniDecor - Euroverre - Verre architectural\" \/>\n<meta property=\"og:description\" content=\"Une superbe collection de produits verriers qui est le r\u00e9sultat d&#039;un processus de production unique et exclusif d\u00e9velopp\u00e9 par OmniDecor.\" \/>\n<meta property=\"og:url\" content=\"https:\/\/euroverre.com\/en\/categories\/omni-decor\/\" \/>\n<meta property=\"og:site_name\" content=\"Euroverre\" \/>\n<meta property=\"article:publisher\" content=\"https:\/\/fr-ca.facebook.com\/euroverre\/\" \/>\n<meta property=\"article:modified_time\" content=\"2026-04-03T13:27:08+00:00\" \/>\n<meta property=\"og:image\" content=\"https:\/\/euroverre.com\/wp-content\/uploads\/2025\/08\/Euroverre-Yellow-Glass-2.jpg\" \/>\n\t<meta property=\"og:image:width\" content=\"900\" \/>\n\t<meta property=\"og:image:height\" content=\"720\" \/>\n\t<meta property=\"og:image:type\" content=\"image\/jpeg\" \/>\n<meta name=\"twitter:card\" content=\"summary_large_image\" \/>\n<meta name=\"twitter:label1\" content=\"Est. reading time\" \/>\n\t<meta name=\"twitter:data1\" content=\"2 minutes\" \/>\n<script type=\"application\/ld+json\" class=\"yoast-schema-graph\">{\"@context\":\"https:\\\/\\\/schema.org\",\"@graph\":[{\"@type\":\"WebPage\",\"@id\":\"https:\\\/\\\/euroverre.com\\\/en\\\/categories\\\/omni-decor\\\/\",\"url\":\"https:\\\/\\\/euroverre.com\\\/en\\\/categories\\\/omni-decor\\\/\",\"name\":\"OmniDecor - Euroverre - Verre architectural\",\"isPartOf\":{\"@id\":\"https:\\\/\\\/euroverre.com\\\/#website\"},\"primaryImageOfPage\":{\"@id\":\"https:\\\/\\\/euroverre.com\\\/en\\\/categories\\\/omni-decor\\\/#primaryimage\"},\"image\":{\"@id\":\"https:\\\/\\\/euroverre.com\\\/en\\\/categories\\\/omni-decor\\\/#primaryimage\"},\"thumbnailUrl\":\"https:\\\/\\\/euroverre.com\\\/wp-content\\\/uploads\\\/2025\\\/08\\\/Euroverre-Yellow-Glass-2.jpg\",\"datePublished\":\"2022-10-13T15:43:27+00:00\",\"dateModified\":\"2026-04-03T13:27:08+00:00\",\"description\":\"Une superbe collection de produits verriers qui est le r\u00e9sultat d'un processus de production unique et exclusif d\u00e9velopp\u00e9 par OmniDecor.\",\"breadcrumb\":{\"@id\":\"https:\\\/\\\/euroverre.com\\\/en\\\/categories\\\/omni-decor\\\/#breadcrumb\"},\"inLanguage\":\"en-US\",\"potentialAction\":[{\"@type\":\"ReadAction\",\"target\":[\"https:\\\/\\\/euroverre.com\\\/en\\\/categories\\\/omni-decor\\\/\"]}]},{\"@type\":\"ImageObject\",\"inLanguage\":\"en-US\",\"@id\":\"https:\\\/\\\/euroverre.com\\\/en\\\/categories\\\/omni-decor\\\/#primaryimage\",\"url\":\"https:\\\/\\\/euroverre.com\\\/wp-content\\\/uploads\\\/2025\\\/08\\\/Euroverre-Yellow-Glass-2.jpg\",\"contentUrl\":\"https:\\\/\\\/euroverre.com\\\/wp-content\\\/uploads\\\/2025\\\/08\\\/Euroverre-Yellow-Glass-2.jpg\",\"width\":900,\"height\":720},{\"@type\":\"BreadcrumbList\",\"@id\":\"https:\\\/\\\/euroverre.com\\\/en\\\/categories\\\/omni-decor\\\/#breadcrumb\",\"itemListElement\":[{\"@type\":\"ListItem\",\"position\":1,\"name\":\"Accueil\",\"item\":\"https:\\\/\\\/euroverre.com\\\/en\\\/\"},{\"@type\":\"ListItem\",\"position\":2,\"name\":\"Product categories\",\"item\":\"https:\\\/\\\/euroverre.com\\\/en\\\/categories\\\/\"},{\"@type\":\"ListItem\",\"position\":3,\"name\":\"OmniDecor\"}]},{\"@type\":\"WebSite\",\"@id\":\"https:\\\/\\\/euroverre.com\\\/#website\",\"url\":\"https:\\\/\\\/euroverre.com\\\/\",\"name\":\"Euroverre\",\"description\":\"Solution int\u00e9gr\u00e9es pour des verres de qualit\u00e9\",\"publisher\":{\"@id\":\"https:\\\/\\\/euroverre.com\\\/#organization\"},\"potentialAction\":[{\"@type\":\"SearchAction\",\"target\":{\"@type\":\"EntryPoint\",\"urlTemplate\":\"https:\\\/\\\/euroverre.com\\\/?s={search_term_string}\"},\"query-input\":{\"@type\":\"PropertyValueSpecification\",\"valueRequired\":true,\"valueName\":\"search_term_string\"}}],\"inLanguage\":\"en-US\"},{\"@type\":\"Organization\",\"@id\":\"https:\\\/\\\/euroverre.com\\\/#organization\",\"name\":\"Euroverre\",\"url\":\"https:\\\/\\\/euroverre.com\\\/\",\"logo\":{\"@type\":\"ImageObject\",\"inLanguage\":\"en-US\",\"@id\":\"https:\\\/\\\/euroverre.com\\\/#\\\/schema\\\/logo\\\/image\\\/\",\"url\":\"https:\\\/\\\/euroverre.com\\\/wp-content\\\/uploads\\\/2022\\\/08\\\/Euroverre-Logo-2022.svg\",\"contentUrl\":\"https:\\\/\\\/euroverre.com\\\/wp-content\\\/uploads\\\/2022\\\/08\\\/Euroverre-Logo-2022.svg\",\"width\":216,\"height\":132,\"caption\":\"Euroverre\"},\"image\":{\"@id\":\"https:\\\/\\\/euroverre.com\\\/#\\\/schema\\\/logo\\\/image\\\/\"},\"sameAs\":[\"https:\\\/\\\/fr-ca.facebook.com\\\/euroverre\\\/\",\"https:\\\/\\\/www.linkedin.com\\\/company\\\/euroverrecanada\\\/\"]}]}<\/script>\n<!-- \/ Yoast SEO plugin. -->","yoast_head_json":{"title":"OmniDecor - Euroverre - Verre architectural","description":"Une superbe collection de produits verriers qui est le r\u00e9sultat d'un processus de production unique et exclusif d\u00e9velopp\u00e9 par OmniDecor.","robots":{"index":"index","follow":"follow","max-snippet":"max-snippet:-1","max-image-preview":"max-image-preview:large","max-video-preview":"max-video-preview:-1"},"canonical":"https:\/\/euroverre.com\/en\/categories\/omni-decor\/","og_locale":"en_US","og_type":"article","og_title":"OmniDecor - Euroverre - Verre architectural","og_description":"Une superbe collection de produits verriers qui est le r\u00e9sultat d'un processus de production unique et exclusif d\u00e9velopp\u00e9 par OmniDecor.","og_url":"https:\/\/euroverre.com\/en\/categories\/omni-decor\/","og_site_name":"Euroverre","article_publisher":"https:\/\/fr-ca.facebook.com\/euroverre\/","article_modified_time":"2026-04-03T13:27:08+00:00","og_image":[{"width":900,"height":720,"url":"https:\/\/euroverre.com\/wp-content\/uploads\/2025\/08\/Euroverre-Yellow-Glass-2.jpg","type":"image\/jpeg"}],"twitter_card":"summary_large_image","twitter_misc":{"Est. reading time":"2 minutes"},"schema":{"@context":"https:\/\/schema.org","@graph":[{"@type":"WebPage","@id":"https:\/\/euroverre.com\/en\/categories\/omni-decor\/","url":"https:\/\/euroverre.com\/en\/categories\/omni-decor\/","name":"OmniDecor - Euroverre - Verre architectural","isPartOf":{"@id":"https:\/\/euroverre.com\/#website"},"primaryImageOfPage":{"@id":"https:\/\/euroverre.com\/en\/categories\/omni-decor\/#primaryimage"},"image":{"@id":"https:\/\/euroverre.com\/en\/categories\/omni-decor\/#primaryimage"},"thumbnailUrl":"https:\/\/euroverre.com\/wp-content\/uploads\/2025\/08\/Euroverre-Yellow-Glass-2.jpg","datePublished":"2022-10-13T15:43:27+00:00","dateModified":"2026-04-03T13:27:08+00:00","description":"Une superbe collection de produits verriers qui est le r\u00e9sultat d'un processus de production unique et exclusif d\u00e9velopp\u00e9 par OmniDecor.","breadcrumb":{"@id":"https:\/\/euroverre.com\/en\/categories\/omni-decor\/#breadcrumb"},"inLanguage":"en-US","potentialAction":[{"@type":"ReadAction","target":["https:\/\/euroverre.com\/en\/categories\/omni-decor\/"]}]},{"@type":"ImageObject","inLanguage":"en-US","@id":"https:\/\/euroverre.com\/en\/categories\/omni-decor\/#primaryimage","url":"https:\/\/euroverre.com\/wp-content\/uploads\/2025\/08\/Euroverre-Yellow-Glass-2.jpg","contentUrl":"https:\/\/euroverre.com\/wp-content\/uploads\/2025\/08\/Euroverre-Yellow-Glass-2.jpg","width":900,"height":720},{"@type":"BreadcrumbList","@id":"https:\/\/euroverre.com\/en\/categories\/omni-decor\/#breadcrumb","itemListElement":[{"@type":"ListItem","position":1,"name":"Accueil","item":"https:\/\/euroverre.com\/en\/"},{"@type":"ListItem","position":2,"name":"Product categories","item":"https:\/\/euroverre.com\/en\/categories\/"},{"@type":"ListItem","position":3,"name":"OmniDecor"}]},{"@type":"WebSite","@id":"https:\/\/euroverre.com\/#website","url":"https:\/\/euroverre.com\/","name":"Euroverre","description":"Solution int\u00e9gr\u00e9es pour des verres de qualit\u00e9","publisher":{"@id":"https:\/\/euroverre.com\/#organization"},"potentialAction":[{"@type":"SearchAction","target":{"@type":"EntryPoint","urlTemplate":"https:\/\/euroverre.com\/?s={search_term_string}"},"query-input":{"@type":"PropertyValueSpecification","valueRequired":true,"valueName":"search_term_string"}}],"inLanguage":"en-US"},{"@type":"Organization","@id":"https:\/\/euroverre.com\/#organization","name":"Euroverre","url":"https:\/\/euroverre.com\/","logo":{"@type":"ImageObject","inLanguage":"en-US","@id":"https:\/\/euroverre.com\/#\/schema\/logo\/image\/","url":"https:\/\/euroverre.com\/wp-content\/uploads\/2022\/08\/Euroverre-Logo-2022.svg","contentUrl":"https:\/\/euroverre.com\/wp-content\/uploads\/2022\/08\/Euroverre-Logo-2022.svg","width":216,"height":132,"caption":"Euroverre"},"image":{"@id":"https:\/\/euroverre.com\/#\/schema\/logo\/image\/"},"sameAs":["https:\/\/fr-ca.facebook.com\/euroverre\/","https:\/\/www.linkedin.com\/company\/euroverrecanada\/"]}]}},"_links":{"self":[{"href":"https:\/\/euroverre.com\/en\/wp-json\/wp\/v2\/pages\/2359","targetHints":{"allow":["GET"]}}],"collection":[{"href":"https:\/\/euroverre.com\/en\/wp-json\/wp\/v2\/pages"}],"about":[{"href":"https:\/\/euroverre.com\/en\/wp-json\/wp\/v2\/types\/page"}],"author":[{"embeddable":true,"href":"https:\/\/euroverre.com\/en\/wp-json\/wp\/v2\/users\/1"}],"replies":[{"embeddable":true,"href":"https:\/\/euroverre.com\/en\/wp-json\/wp\/v2\/comments?post=2359"}],"version-history":[{"count":7,"href":"https:\/\/euroverre.com\/en\/wp-json\/wp\/v2\/pages\/2359\/revisions"}],"predecessor-version":[{"id":5871,"href":"https:\/\/euroverre.com\/en\/wp-json\/wp\/v2\/pages\/2359\/revisions\/5871"}],"up":[{"embeddable":true,"href":"https:\/\/euroverre.com\/en\/wp-json\/wp\/v2\/pages\/2356"}],"wp:featuredmedia":[{"embeddable":true,"href":"https:\/\/euroverre.com\/en\/wp-json\/wp\/v2\/media\/4290"}],"wp:attachment":[{"href":"https:\/\/euroverre.com\/en\/wp-json\/wp\/v2\/media?parent=2359"}],"curies":[{"name":"wp","href":"https:\/\/api.w.org\/{rel}","templated":true}]}}